{"id":35,"date":"2025-10-15T22:59:11","date_gmt":"2025-10-15T22:59:11","guid":{"rendered":"https:\/\/diseno.lbw.mx\/?page_id=35"},"modified":"2025-12-02T01:15:10","modified_gmt":"2025-12-02T01:15:10","slug":"inicio","status":"publish","type":"page","link":"https:\/\/diseno.lbw.mx\/","title":{"rendered":"Inicio"},"content":{"rendered":"<p>[et_pb_section fb_built=\u00bb1&#8243; admin_label=\u00bbHeader\u00bb _builder_version=\u00bb4.27.4&#8243; _module_preset=\u00bbdefault\u00bb background_enable_color=\u00bboff\u00bb background_enable_image=\u00bboff\u00bb background_video_mp4=\u00bbhttps:\/\/diseno.lbw.mx\/wp-content\/uploads\/2025\/10\/prompt_un_202510121305.mp4&#8243; background_enable_mask_style=\u00bbon\u00bb background_mask_transform=\u00bbflip_horizontal\u00bb background_mask_aspect_ratio=\u00bbsquare\u00bb background_mask_blend_mode=\u00bbdarken\u00bb custom_padding=\u00bb61px||103px||false|false\u00bb collapsed=\u00bbon\u00bb global_colors_info=\u00bb{}\u00bb][et_pb_row _builder_version=\u00bb4.27.4&#8243; _module_preset=\u00bbdefault\u00bb custom_padding=\u00bb||0px||false|false\u00bb global_colors_info=\u00bb{}\u00bb][et_pb_column type=\u00bb4_4&#8243; _builder_version=\u00bb4.27.4&#8243; _module_preset=\u00bbdefault\u00bb global_colors_info=\u00bb{}\u00bb][et_pb_text _builder_version=\u00bb4.27.4&#8243; _module_preset=\u00bb3fe9b0c5-724e-4a75-add7-ae40ef8e6b87&#8243; text_font=\u00bbIBM Plex Sans KR||||||||\u00bb header_font=\u00bbIBM Plex Sans KR|700|on|on|||||\u00bb header_text_color=\u00bb#FFFFFF\u00bb max_width=\u00bb700px\u00bb scroll_horizontal_motion_enable=\u00bbon\u00bb scroll_horizontal_motion=\u00bb0|28|54|91|-6.5|-1|1.5&#8243; text_text_shadow_style=\u00bbpreset1&#8243; text_text_shadow_horizontal_length=\u00bb0.05em\u00bb header_text_shadow_style=\u00bbpreset1&#8243; header_text_shadow_horizontal_length=\u00bb-0.13em\u00bb header_text_shadow_blur_strength=\u00bb0.17em\u00bb header_text_shadow_color=\u00bbrgba(0,0,0,0.73)\u00bb global_colors_info=\u00bb{}\u00bb]<\/p>\n<h1>L.B.WHITE M\u00c9XICO<\/h1>\n<p>[\/et_pb_text][\/et_pb_column][\/et_pb_row][et_pb_row column_structure=\u00bb1_2,1_2&#8243; use_custom_gutter=\u00bbon\u00bb gutter_width=\u00bb1&#8243; _builder_version=\u00bb4.27.4&#8243; _module_preset=\u00bbdefault\u00bb custom_padding=\u00bb0px||0px||true|false\u00bb global_colors_info=\u00bb{}\u00bb][et_pb_column type=\u00bb1_2&#8243; _builder_version=\u00bb4.19.2&#8243; _module_preset=\u00bbdefault\u00bb global_colors_info=\u00bb{}\u00bb][et_pb_text _builder_version=\u00bb4.27.4&#8243; _module_preset=\u00bb3498fa96-f303-4b20-ba80-78a4dfb7501e\u00bb text_font=\u00bbRoboto||||||||\u00bb text_text_color=\u00bb#FFFFFF\u00bb background_color=\u00bb#013a6f\u00bb width_tablet=\u00bb100%\u00bb width_phone=\u00bb100%\u00bb width_last_edited=\u00bboff|desktop\u00bb custom_margin=\u00bb||0px||false|false\u00bb custom_padding=\u00bb40px|40px|40px|40px|true|true\u00bb custom_padding_tablet=\u00bb30px|30px|30px|30px|true|true\u00bb custom_padding_phone=\u00bb20px|20px|20px|20px|true|true\u00bb custom_padding_last_edited=\u00bbon|desktop\u00bb global_colors_info=\u00bb{}\u00bb]<\/p>\n<p>Equipos de calefacci\u00f3n y ventilaci\u00f3n dise\u00f1ados para m\u00e1xima eficiencia y durabilidad en los entornos m\u00e1s exigentes.<\/p>\n<p>[\/et_pb_text][et_pb_image src=\u00bbhttps:\/\/diseno.lbw.mx\/wp-content\/uploads\/2025\/10\/civil-engineering-6.png\u00bb title_text=\u00bbcivil-engineering-6&#8243; _builder_version=\u00bb4.27.4&#8243; _module_preset=\u00bbdefault\u00bb transform_translate=\u00bb-100%|100%\u00bb transform_translate_linked=\u00bboff\u00bb positioning=\u00bbabsolute\u00bb position_origin_a=\u00bbbottom_left\u00bb width=\u00bb16%\u00bb locked=\u00bboff\u00bb global_colors_info=\u00bb{}\u00bb][\/et_pb_image][\/et_pb_column][et_pb_column type=\u00bb1_2&#8243; _builder_version=\u00bb4.19.2&#8243; _module_preset=\u00bbdefault\u00bb global_colors_info=\u00bb{}\u00bb][\/et_pb_column][\/et_pb_row][et_pb_row column_structure=\u00bb1_2,1_2&#8243; use_custom_gutter=\u00bbon\u00bb gutter_width=\u00bb1&#8243; _builder_version=\u00bb4.19.2&#8243; _module_preset=\u00bbdefault\u00bb custom_padding=\u00bb0px||0px||true|false\u00bb global_colors_info=\u00bb{}\u00bb][et_pb_column type=\u00bb1_2&#8243; _builder_version=\u00bb4.19.2&#8243; _module_preset=\u00bbdefault\u00bb global_colors_info=\u00bb{}\u00bb][et_pb_button button_text=\u00bbNuestras Soluciones\u00bb button_alignment=\u00bbright\u00bb _builder_version=\u00bb4.27.4&#8243; _module_preset=\u00bb25976ebb-0ee6-42d4-aabe-5b07b3f2d5f2&#8243; button_text_color=\u00bbgcid-e277fb82-6096-4aaa-9a44-4518795e6403&#8243; button_bg_color=\u00bb#FFFFFF\u00bb button_font=\u00bbRoboto|700||on|||||\u00bb global_colors_info=\u00bb{%22gcid-e277fb82-6096-4aaa-9a44-4518795e6403%22:%91%22button_text_color%22%93}\u00bb][\/et_pb_button][\/et_pb_column][et_pb_column type=\u00bb1_2&#8243; _builder_version=\u00bb4.19.2&#8243; _module_preset=\u00bbdefault\u00bb global_colors_info=\u00bb{}\u00bb][\/et_pb_column][\/et_pb_row][et_pb_row column_structure=\u00bb1_3,1_3,1_3&#8243; _builder_version=\u00bb4.19.2&#8243; _module_preset=\u00bbdefault\u00bb custom_padding=\u00bb||0px||false|false\u00bb global_colors_info=\u00bb{}\u00bb][et_pb_column type=\u00bb1_3&#8243; _builder_version=\u00bb4.19.2&#8243; _module_preset=\u00bbdefault\u00bb global_colors_info=\u00bb{}\u00bb][\/et_pb_column][et_pb_column type=\u00bb1_3&#8243; _builder_version=\u00bb4.27.4&#8243; _module_preset=\u00bbdefault\u00bb global_colors_info=\u00bb{}\u00bb][\/et_pb_column][et_pb_column type=\u00bb1_3&#8243; _builder_version=\u00bb4.19.2&#8243; _module_preset=\u00bbdefault\u00bb global_colors_info=\u00bb{}\u00bb][\/et_pb_column][\/et_pb_row][\/et_pb_section][et_pb_section fb_built=\u00bb1&#8243; custom_padding_last_edited=\u00bbon|tablet\u00bb admin_label=\u00bbAbout\u00bb _builder_version=\u00bb4.19.2&#8243; _module_preset=\u00bbdefault\u00bb min_height=\u00bb790.9px\u00bb custom_padding=\u00bb90px||0px||false|false\u00bb custom_padding_tablet=\u00bb12%||||false|false\u00bb custom_padding_phone=\u00bb12%||||false|false\u00bb collapsed=\u00bbon\u00bb global_colors_info=\u00bb{}\u00bb][et_pb_row column_structure=\u00bb1_2,1_2&#8243; _builder_version=\u00bb4.19.2&#8243; _module_preset=\u00bbdefault\u00bb global_colors_info=\u00bb{}\u00bb custom_padding=\u00bb||0px|||\u00bb][et_pb_column type=\u00bb1_2&#8243; _builder_version=\u00bb4.19.2&#8243; _module_preset=\u00bbdefault\u00bb custom_padding=\u00bb|5%|90px||false|false\u00bb custom_padding_tablet=\u00bb|0%|30px||false|false\u00bb custom_padding_phone=\u00bb|0%|30px||false|false\u00bb custom_padding_last_edited=\u00bbon|tablet\u00bb global_colors_info=\u00bb{}\u00bb][et_pb_text _builder_version=\u00bb4.27.4&#8243; _module_preset=\u00bbbc093ca4-e938-4b14-b47a-72876ab2714c\u00bb text_font=\u00bbIBM Plex Mono||||||||\u00bb text_text_color=\u00bb#000000&#8243; header_font=\u00bbIBM Plex Sans Arabic||||||||\u00bb header_text_color=\u00bbgcid-heading-color\u00bb header_font_size=\u00bb44px\u00bb global_colors_info=\u00bb{%22gcid-heading-color%22:%91%22header_text_color%22%93}\u00bb]<\/p>\n<h1>Nuestra Historia y Compromiso<\/h1>\n<p>[\/et_pb_text][et_pb_text _builder_version=\u00bb4.27.4&#8243; _module_preset=\u00bb3498fa96-f303-4b20-ba80-78a4dfb7501e\u00bb min_height=\u00bb372.4px\u00bb global_colors_info=\u00bb{}\u00bb]<\/p>\n<p>L.B. WHITE tiene m\u00e1s de 70 a\u00f1os de fabricar en el estado de Wisconsin en Estados Unidos la m\u00e1s alta calidad de calefactores para invernadero y aplicaciones en la crianza de puercos y aves. Contando con una amplia experiencia en el ramo de invernaderos, y con una l\u00ednea completa de soluciones de calefacci\u00f3n por ventilaci\u00f3n forzada y por calor radiante.<\/p>\n<p>Desde el a\u00f1o 2009 LB White opera en M\u00e9xico, en Monterrey N.L, como el centro de distribuci\u00f3n para la Rep\u00fablica Mexicana, donde adem\u00e1s del producto terminado se cuenta con la bodega de refacciones y el taller para garant\u00eda y reparaci\u00f3n del equipo para asegurar que sus calefactores sigan operando por\u00a0muchos\u00a0a\u00f1os.<\/p>\n<p>[\/et_pb_text][\/et_pb_column][et_pb_column type=\u00bb1_2&#8243; _builder_version=\u00bb4.19.2&#8243; _module_preset=\u00bbdefault\u00bb global_colors_info=\u00bb{}\u00bb][et_pb_image src=\u00bbhttps:\/\/diseno.lbw.mx\/wp-content\/uploads\/2025\/11\/Diseno-sin-titulo-47.png\u00bb title_text=\u00bbDise\u00f1o sin t\u00edtulo (47)\u00bb _builder_version=\u00bb4.27.4&#8243; _module_preset=\u00bbdefault\u00bb min_height=\u00bb512.3px\u00bb custom_margin=\u00bb||9px||false|false\u00bb hover_enabled=\u00bb0&#8243; global_colors_info=\u00bb{}\u00bb sticky_enabled=\u00bb0&#8243;][\/et_pb_image][\/et_pb_column][\/et_pb_row][\/et_pb_section][et_pb_section fb_built=\u00bb1&#8243; admin_label=\u00bbServices\u00bb _builder_version=\u00bb4.19.2&#8243; _module_preset=\u00bbdefault\u00bb overflow-x=\u00bbhidden\u00bb overflow-y=\u00bbhidden\u00bb custom_padding=\u00bb0px|||||\u00bb saved_tabs=\u00bball\u00bb collapsed=\u00bbon\u00bb global_colors_info=\u00bb{}\u00bb][et_pb_row _builder_version=\u00bb4.27.4&#8243; _module_preset=\u00bbdefault\u00bb global_colors_info=\u00bb{}\u00bb][et_pb_column type=\u00bb4_4&#8243; _builder_version=\u00bb4.19.2&#8243; _module_preset=\u00bbdefault\u00bb global_colors_info=\u00bb{}\u00bb][et_pb_code _builder_version=\u00bb4.27.4&#8243; _module_preset=\u00bbdefault\u00bb hover_enabled=\u00bb0&#8243; global_colors_info=\u00bb{}\u00bb custom_padding=\u00bb0px|||||\u00bb sticky_enabled=\u00bb0&#8243;]<!DOCTYPE html><!-- [et_pb_line_break_holder] --><html lang=\"es\"><!-- [et_pb_line_break_holder] --><head><!-- [et_pb_line_break_holder] -->    <meta charset=\"UTF-8\"><!-- [et_pb_line_break_holder] -->    <meta name=\"viewport\" content=\"width=device-width, initial-scale=1.0\"><!-- [et_pb_line_break_holder] -->    <title>Secci\u00f3n de Categor\u00edas de Productos &#8211; Estilo Mejorado<\/title><!-- [et_pb_line_break_holder] -->    <link rel=\"preconnect\" href=\"https:\/\/fonts.googleapis.com\"><!-- [et_pb_line_break_holder] -->    <link rel=\"preconnect\" href=\"https:\/\/fonts.gstatic.com\" crossorigin><!-- [et_pb_line_break_holder] -->    <link href=\"https:\/\/fonts.googleapis.com\/css2?family=IBM+Plex+Sans:wght@600&#038;family=Roboto:wght@400;500&#038;display=swap\" rel=\"stylesheet\"><!-- [et_pb_line_break_holder] --><!-- [et_pb_line_break_holder] -->    <\/p>\n<style><!-- [et_pb_line_break_holder] -->        \/* --- ESTILOS CSS --- *\/<!-- [et_pb_line_break_holder] --><!-- [et_pb_line_break_holder] -->        body {<!-- [et_pb_line_break_holder] -->            background-color: #f9f9f9; \/* Un fondo gris claro para que la sombra resalte m\u00e1s *\/<!-- [et_pb_line_break_holder] -->        }<!-- [et_pb_line_break_holder] --><!-- [et_pb_line_break_holder] -->        .product-category-section {<!-- [et_pb_line_break_holder] -->            font-family: 'Roboto', sans-serif;<!-- [et_pb_line_break_holder] -->            max-width: 1200px;<!-- [et_pb_line_break_holder] -->            margin: 0 auto;<!-- [et_pb_line_break_holder] -->            padding: 80px 20px;<!-- [et_pb_line_break_holder] -->            text-align: center;<!-- [et_pb_line_break_holder] -->        }<!-- [et_pb_line_break_holder] --><!-- [et_pb_line_break_holder] -->        .product-category-section .section-title {<!-- [et_pb_line_break_holder] -->            font-family: 'IBM Plex Sans', sans-serif;<!-- [et_pb_line_break_holder] -->            font-size: 2.5rem;<!-- [et_pb_line_break_holder] -->            font-weight: 600;<!-- [et_pb_line_break_holder] -->            color: #2c3e50;<!-- [et_pb_line_break_holder] -->            margin-bottom: 50px;<!-- [et_pb_line_break_holder] -->        }<!-- [et_pb_line_break_holder] --><!-- [et_pb_line_break_holder] -->        .category-grid {<!-- [et_pb_line_break_holder] -->            display: grid;<!-- [et_pb_line_break_holder] -->            grid-template-columns: repeat(2, 1fr);<!-- [et_pb_line_break_holder] -->            gap: 40px;<!-- [et_pb_line_break_holder] -->            text-align: left;<!-- [et_pb_line_break_holder] -->        }<!-- [et_pb_line_break_holder] --><!-- [et_pb_line_break_holder] -->        \/* --- ESTILOS DE LA TARJETA MEJORADOS --- *\/<!-- [et_pb_line_break_holder] -->        .category-card {<!-- [et_pb_line_break_holder] -->            background-color: #ffffff;<!-- [et_pb_line_break_holder] -->            \/* A\u00d1ADIDO: Borde sutil para mayor definici\u00f3n *\/<!-- [et_pb_line_break_holder] -->            border: 1px solid #e0e0e0; <!-- [et_pb_line_break_holder] -->            border-radius: 4px; \/* Un radio un poco m\u00e1s sutil *\/<!-- [et_pb_line_break_holder] -->            overflow: hidden;<!-- [et_pb_line_break_holder] -->            \/* MEJORADO: Sombra m\u00e1s pronunciada y realista *\/<!-- [et_pb_line_break_holder] -->            box-shadow: 0 5px 25px rgba(0, 0, 0, 0.08);<!-- [et_pb_line_break_holder] -->            transition: transform 0.3s ease, box-shadow 0.3s ease;<!-- [et_pb_line_break_holder] -->            display: flex;<!-- [et_pb_line_break_holder] -->            flex-direction: column; \/* Para que el enlace se quede abajo *\/<!-- [et_pb_line_break_holder] -->        }<!-- [et_pb_line_break_holder] --><!-- [et_pb_line_break_holder] -->        .category-card:hover {<!-- [et_pb_line_break_holder] -->            transform: translateY(-5px);<!-- [et_pb_line_break_holder] -->            box-shadow: 0 10px 30px rgba(0, 0, 0, 0.12);<!-- [et_pb_line_break_holder] -->        }<!-- [et_pb_line_break_holder] --><!-- [et_pb_line_break_holder] -->        .category-card img {<!-- [et_pb_line_break_holder] -->            width: 100%;<!-- [et_pb_line_break_holder] -->            height: 300px;<!-- [et_pb_line_break_holder] -->            object-fit: cover;<!-- [et_pb_line_break_holder] -->            display: block;<!-- [et_pb_line_break_holder] -->        }<!-- [et_pb_line_break_holder] --><!-- [et_pb_line_break_holder] -->        .category-card-content {<!-- [et_pb_line_break_holder] -->            padding: 30px;<!-- [et_pb_line_break_holder] -->            flex-grow: 1; \/* Permite que esta secci\u00f3n crezca y empuje el enlace hacia abajo *\/<!-- [et_pb_line_break_holder] -->        }<!-- [et_pb_line_break_holder] --><!-- [et_pb_line_break_holder] -->        .category-card-content h3 {<!-- [et_pb_line_break_holder] -->            font-family: 'IBM Plex Sans', sans-serif;<!-- [et_pb_line_break_holder] -->            font-size: 1.75rem;<!-- [et_pb_line_break_holder] -->            font-weight: 600;<!-- [et_pb_line_break_holder] -->            color: #2c3e50;<!-- [et_pb_line_break_holder] -->            margin-top: 0;<!-- [et_pb_line_break_holder] -->            margin-bottom: 15px;<!-- [et_pb_line_break_holder] -->        }<!-- [et_pb_line_break_holder] --><!-- [et_pb_line_break_holder] -->        .category-card-content p {<!-- [et_pb_line_break_holder] -->            font-size: 1rem;<!-- [et_pb_line_break_holder] -->            line-height: 1.6;<!-- [et_pb_line_break_holder] -->            color: #555;<!-- [et_pb_line_break_holder] -->            margin: 0;<!-- [et_pb_line_break_holder] -->        }<!-- [et_pb_line_break_holder] --><!-- [et_pb_line_break_holder] -->        \/* --- NUEVO: ESTILO PARA EL ENLACE --- *\/<!-- [et_pb_line_break_holder] -->        .category-card-link {<!-- [et_pb_line_break_holder] -->            display: block;<!-- [et_pb_line_break_holder] -->            padding: 0 30px 30px; \/* Padding solo en los lados y abajo *\/<!-- [et_pb_line_break_holder] -->            text-decoration: none;<!-- [et_pb_line_break_holder] -->            color: #0073e6; \/* Color azul para el enlace *\/<!-- [et_pb_line_break_holder] -->            font-weight: 500;<!-- [et_pb_line_break_holder] -->            font-family: 'Roboto', sans-serif;<!-- [et_pb_line_break_holder] -->            transition: color 0.3s ease;<!-- [et_pb_line_break_holder] -->        }<!-- [et_pb_line_break_holder] --><!-- [et_pb_line_break_holder] -->        .category-card-link:hover {<!-- [et_pb_line_break_holder] -->            color: #005bb5; \/* Un azul m\u00e1s oscuro al pasar el cursor *\/<!-- [et_pb_line_break_holder] -->        }<!-- [et_pb_line_break_holder] --><!-- [et_pb_line_break_holder] -->        @media (max-width: 768px) {<!-- [et_pb_line_break_holder] -->            .category-grid {<!-- [et_pb_line_break_holder] -->                grid-template-columns: 1fr;<!-- [et_pb_line_break_holder] -->            }<!-- [et_pb_line_break_holder] -->             .product-category-section .section-title {<!-- [et_pb_line_break_holder] -->                font-size: 2rem;<!-- [et_pb_line_break_holder] -->            }<!-- [et_pb_line_break_holder] -->        }<!-- [et_pb_line_break_holder] -->    <\/style>\n<p><!-- [et_pb_line_break_holder] --><\/head><!-- [et_pb_line_break_holder] --><body><!-- [et_pb_line_break_holder] --><!-- [et_pb_line_break_holder] -->    <\/p>\n<section class=\"product-category-section\"><!-- [et_pb_line_break_holder] -->        <\/p>\n<h2 class=\"section-title\">Nuestros Equipos Principales<\/h2>\n<p><!-- [et_pb_line_break_holder] --><!-- [et_pb_line_break_holder] -->        <\/p>\n<div class=\"category-grid\"><!-- [et_pb_line_break_holder] -->            <\/p>\n<div class=\"category-card\"><!-- [et_pb_line_break_holder] -->                <img decoding=\"async\" src=\"https:\/\/diseno.lbw.mx\/wp-content\/uploads\/2025\/12\/WhatsApp-Image-2025-11-20-at-9.37.09-AM.jpeg\" alt=\"Imagen profesional de un calefactor industrial\"><!-- [et_pb_line_break_holder] -->                <\/p>\n<div class=\"category-card-content\"><!-- [et_pb_line_break_holder] -->                    <\/p>\n<h3>Calefactores<\/h3>\n<p><!-- [et_pb_line_break_holder] -->                    <pee>Equipos de alta eficiencia y durabilidad, dise\u00f1ados para mantener la temperatura ideal y proteger tu producci\u00f3n en los entornos m\u00e1s exigentes.<\/pee><!-- [et_pb_line_break_holder] -->                <\/div>\n<p><!-- [et_pb_line_break_holder] -->                <a href=\"https:\/\/diseno.lbw.mx\/?page_id=112\" class=\"category-card-link\">Ir a Calefactores \u2192<\/a><!-- [et_pb_line_break_holder] -->            <\/div>\n<p><!-- [et_pb_line_break_holder] --><!-- [et_pb_line_break_holder] -->            <\/p>\n<div class=\"category-card\"><!-- [et_pb_line_break_holder] -->                <img decoding=\"async\" src=\"https:\/\/diseno.lbw.mx\/wp-content\/uploads\/2025\/10\/Gemini_Generated_Image_ib6g8rib6g8rib6g.png\" alt=\"Imagen del ventilador extractor con aspas rojas en acci\u00f3n\"><!-- [et_pb_line_break_holder] -->                <\/p>\n<div class=\"category-card-content\"><!-- [et_pb_line_break_holder] -->                    <\/p>\n<h3>Ventiladores y Extractores<\/h3>\n<p><!-- [et_pb_line_break_holder] -->                    <pee>Sistemas de ventilaci\u00f3n y extracci\u00f3n para garantizar la calidad del aire, la uniformidad de la temperatura y el confort en tus instalaciones.<\/pee><!-- [et_pb_line_break_holder] -->                <\/div>\n<p><!-- [et_pb_line_break_holder] -->                <a href=\"https:\/\/diseno.lbw.mx\/?page_id=110\" class=\"category-card-link\">Ir a Ventiladores \u2192<\/a><!-- [et_pb_line_break_holder] -->            <\/div>\n<p><!-- [et_pb_line_break_holder] -->        <\/div>\n<p><!-- [et_pb_line_break_holder] -->    <\/section>\n<p><!-- [et_pb_line_break_holder] --><!-- [et_pb_line_break_holder] --><\/body><!-- [et_pb_line_break_holder] --><\/html>[\/et_pb_code][\/et_pb_column][\/et_pb_row][\/et_pb_section]<\/p>\n","protected":false},"excerpt":{"rendered":"<p>L.B.WHITE M\u00c9XICOEquipos de calefacci\u00f3n y ventilaci\u00f3n dise\u00f1ados para m\u00e1xima eficiencia y durabilidad en los entornos m\u00e1s exigentes.Nuestra Historia y CompromisoL.B. WHITE tiene m\u00e1s de 70 a\u00f1os de fabricar en el estado de Wisconsin en Estados Unidos la m\u00e1s alta calidad de calefactores para invernadero y aplicaciones en la crianza de puercos y aves. Contando con [&hellip;]<\/p>\n","protected":false},"author":1,"featured_media":0,"parent":0,"menu_order":0,"comment_status":"closed","ping_status":"closed","template":"","meta":{"_et_pb_use_builder":"on","_et_pb_old_content":"","_et_gb_content_width":"","_joinchat":[],"footnotes":""},"dipi_cpt_category":[],"class_list":["post-35","page","type-page","status-publish","hentry"],"_links":{"self":[{"href":"https:\/\/diseno.lbw.mx\/index.php?rest_route=\/wp\/v2\/pages\/35","targetHints":{"allow":["GET"]}}],"collection":[{"href":"https:\/\/diseno.lbw.mx\/index.php?rest_route=\/wp\/v2\/pages"}],"about":[{"href":"https:\/\/diseno.lbw.mx\/index.php?rest_route=\/wp\/v2\/types\/page"}],"author":[{"embeddable":true,"href":"https:\/\/diseno.lbw.mx\/index.php?rest_route=\/wp\/v2\/users\/1"}],"replies":[{"embeddable":true,"href":"https:\/\/diseno.lbw.mx\/index.php?rest_route=%2Fwp%2Fv2%2Fcomments&post=35"}],"version-history":[{"count":18,"href":"https:\/\/diseno.lbw.mx\/index.php?rest_route=\/wp\/v2\/pages\/35\/revisions"}],"predecessor-version":[{"id":445,"href":"https:\/\/diseno.lbw.mx\/index.php?rest_route=\/wp\/v2\/pages\/35\/revisions\/445"}],"wp:attachment":[{"href":"https:\/\/diseno.lbw.mx\/index.php?rest_route=%2Fwp%2Fv2%2Fmedia&parent=35"}],"wp:term":[{"taxonomy":"dipi_cpt_category","embeddable":true,"href":"https:\/\/diseno.lbw.mx\/index.php?rest_route=%2Fwp%2Fv2%2Fdipi_cpt_category&post=35"}],"curies":[{"name":"wp","href":"https:\/\/api.w.org\/{rel}","templated":true}]}}