{"id":231,"date":"2025-10-19T23:30:51","date_gmt":"2025-10-19T23:30:51","guid":{"rendered":"https:\/\/diseno.lbw.mx\/?page_id=231"},"modified":"2025-10-22T21:23:28","modified_gmt":"2025-10-22T21:23:28","slug":"calefactores-a-dual","status":"publish","type":"page","link":"https:\/\/diseno.lbw.mx\/?page_id=231","title":{"rendered":"Calefactores a Dual"},"content":{"rendered":"<p>[et_pb_section fb_built=\u00bb1&#8243; _builder_version=\u00bb4.27.4&#8243; _module_preset=\u00bbdefault\u00bb custom_padding=\u00bb||0px|||\u00bb global_colors_info=\u00bb{}\u00bb][et_pb_row _builder_version=\u00bb4.27.4&#8243; _module_preset=\u00bbdefault\u00bb global_colors_info=\u00bb{}\u00bb][et_pb_column type=\u00bb4_4&#8243; _builder_version=\u00bb4.27.4&#8243; _module_preset=\u00bbdefault\u00bb global_colors_info=\u00bb{}\u00bb][et_pb_code _builder_version=\u00bb4.27.4&#8243; _module_preset=\u00bbdefault\u00bb global_colors_info=\u00bb{}\u00bb]<!DOCTYPE html><!-- [et_pb_line_break_holder] --><html lang=\"es\"><!-- [et_pb_line_break_holder] --><head><!-- [et_pb_line_break_holder] -->    <meta charset=\"UTF-8\"><!-- [et_pb_line_break_holder] -->    <meta name=\"viewport\" content=\"width=device-width, initial-scale=1.0\"><!-- [et_pb_line_break_holder] -->    <title>P\u00e1gina de Calefactores de Combustible Dual<\/title><!-- [et_pb_line_break_holder] -->    <link rel=\"preconnect\" href=\"https:\/\/fonts.googleapis.com\"><!-- [et_pb_line_break_holder] -->    <link rel=\"preconnect\" href=\"https:\/\/fonts.gstatic.com\" crossorigin><!-- [et_pb_line_break_holder] -->    <link href=\"https:\/\/fonts.googleapis.com\/css2?family=IBM+Plex+Sans:wght@500,600&#038;family=Roboto:wght@400&#038;display=swap\" rel=\"stylesheet\"><!-- [et_pb_line_break_holder] --><!-- [et_pb_line_break_holder] -->    <\/p>\n<style><!-- [et_pb_line_break_holder] -->        \/* --- ESTILOS CSS --- *\/<!-- [et_pb_line_break_holder] -->        .product-grid-section * {<!-- [et_pb_line_break_holder] -->            box-sizing: border-box;<!-- [et_pb_line_break_holder] -->            margin: 0;<!-- [et_pb_line_break_holder] -->            padding: 0;<!-- [et_pb_line_break_holder] -->        }<!-- [et_pb_line_break_holder] --><!-- [et_pb_line_break_holder] -->        .product-grid-section {<!-- [et_pb_line_break_holder] -->            font-family: 'Roboto', sans-serif;<!-- [et_pb_line_break_holder] -->            max-width: 1200px;<!-- [et_pb_line_break_holder] -->            margin: 0 auto;<!-- [et_pb_line_break_holder] -->            padding: 80px 20px;<!-- [et_pb_line_break_holder] -->        }<!-- [et_pb_line_break_holder] --><!-- [et_pb_line_break_holder] -->        .product-grid {<!-- [et_pb_line_break_holder] -->            display: grid;<!-- [et_pb_line_break_holder] -->            \/* Se ajusta a 2 columnas *\/<!-- [et_pb_line_break_holder] -->            grid-template-columns: repeat(2, 1fr);<!-- [et_pb_line_break_holder] -->            gap: 30px;<!-- [et_pb_line_break_holder] -->            justify-content: center;<!-- [et_pb_line_break_holder] -->        }<!-- [et_pb_line_break_holder] --><!-- [et_pb_line_break_holder] -->        \/* La tarjeta completa *\/<!-- [et_pb_line_break_holder] -->        .tech-card {<!-- [et_pb_line_break_holder] -->            background-color: #ffffff;<!-- [et_pb_line_break_holder] -->            border: 1px solid #e0e0e0;<!-- [et_pb_line_break_holder] -->            display: flex;<!-- [et_pb_line_break_holder] -->            flex-direction: column;<!-- [et_pb_line_break_holder] -->        }<!-- [et_pb_line_break_holder] --><!-- [et_pb_line_break_holder] -->        .image-container {<!-- [et_pb_line_break_holder] -->            position: relative;<!-- [et_pb_line_break_holder] -->            background-color: #f8f9fa;<!-- [et_pb_line_break_holder] -->            padding: 20px;<!-- [et_pb_line_break_holder] -->            min-height: 250px;<!-- [et_pb_line_break_holder] -->            display: flex;<!-- [et_pb_line_break_holder] -->            align-items: center;<!-- [et_pb_line_break_holder] -->            justify-content: center;<!-- [et_pb_line_break_holder] -->        }<!-- [et_pb_line_break_holder] --><!-- [et_pb_line_break_holder] -->        .image-container img {<!-- [et_pb_line_break_holder] -->            max-width: 100%;<!-- [et_pb_line_break_holder] -->            max-height: 200px;<!-- [et_pb_line_break_holder] -->            object-fit: contain;<!-- [et_pb_line_break_holder] -->        }<!-- [et_pb_line_break_holder] --><!-- [et_pb_line_break_holder] -->        .card-content {<!-- [et_pb_line_break_holder] -->            padding: 25px;<!-- [et_pb_line_break_holder] -->            display: flex;<!-- [et_pb_line_break_holder] -->            flex-direction: column;<!-- [et_pb_line_break_holder] -->            flex-grow: 1; <!-- [et_pb_line_break_holder] -->        }<!-- [et_pb_line_break_holder] --><!-- [et_pb_line_break_holder] -->        .card-content h4 {<!-- [et_pb_line_break_holder] -->            font-family: 'IBM Plex Sans', sans-serif;<!-- [et_pb_line_break_holder] -->            font-weight: 600;<!-- [et_pb_line_break_holder] -->            font-size: 1.25rem;<!-- [et_pb_line_break_holder] -->            color: #1a1a1a;<!-- [et_pb_line_break_holder] -->            margin-bottom: 5px;<!-- [et_pb_line_break_holder] -->        }<!-- [et_pb_line_break_holder] --><!-- [et_pb_line_break_holder] -->        .card-content .model-id {<!-- [et_pb_line_break_holder] -->            font-size: 0.9rem;<!-- [et_pb_line_break_holder] -->            color: #555;<!-- [et_pb_line_break_holder] -->            margin-bottom: 15px;<!-- [et_pb_line_break_holder] -->            font-family: monospace;<!-- [et_pb_line_break_holder] -->        }<!-- [et_pb_line_break_holder] --><!-- [et_pb_line_break_holder] -->        .card-content .description {<!-- [et_pb_line_break_holder] -->            font-size: 0.9rem;<!-- [et_pb_line_break_holder] -->            color: #666;<!-- [et_pb_line_break_holder] -->            margin-bottom: 25px;<!-- [et_pb_line_break_holder] -->            min-height: 50px;<!-- [et_pb_line_break_holder] -->        }<!-- [et_pb_line_break_holder] --><!-- [et_pb_line_break_holder] -->        .specs-grid {<!-- [et_pb_line_break_holder] -->            display: grid;<!-- [et_pb_line_break_holder] -->            grid-template-columns: 1fr 1fr;<!-- [et_pb_line_break_holder] -->            gap: 20px;<!-- [et_pb_line_break_holder] -->            margin-top: auto;<!-- [et_pb_line_break_holder] -->            margin-bottom: 25px;<!-- [et_pb_line_break_holder] -->        }<!-- [et_pb_line_break_holder] --><!-- [et_pb_line_break_holder] -->        .spec-item {<!-- [et_pb_line_break_holder] -->            font-size: 0.85rem;<!-- [et_pb_line_break_holder] -->            color: #333;<!-- [et_pb_line_break_holder] -->            border-bottom: 1px solid #ddd;<!-- [et_pb_line_break_holder] -->            padding-bottom: 5px;<!-- [et_pb_line_break_holder] -->        }<!-- [et_pb_line_break_holder] --><!-- [et_pb_line_break_holder] -->        .view-button {<!-- [et_pb_line_break_holder] -->            display: flex;<!-- [et_pb_line_break_holder] -->            justify-content: space-between;<!-- [et_pb_line_break_holder] -->            align-items: center;<!-- [et_pb_line_break_holder] -->            background-color: #1a1a1a;<!-- [et_pb_line_break_holder] -->            color: #ffffff;<!-- [et_pb_line_break_holder] -->            padding: 15px 20px;<!-- [et_pb_line_break_holder] -->            text-decoration: none;<!-- [et_pb_line_break_holder] -->            transition: background-color 0.3s ease;<!-- [et_pb_line_break_holder] -->        }<!-- [et_pb_line_break_holder] --><!-- [et_pb_line_break_holder] -->        .view-button:hover {<!-- [et_pb_line_break_holder] -->            background-color: #333;<!-- [et_pb_line_break_holder] -->        }<!-- [et_pb_line_break_holder] --><!-- [et_pb_line_break_holder] -->        \/* Media queries para responsividad *\/<!-- [et_pb_line_break_holder] -->        @media (max-width: 768px) {<!-- [et_pb_line_break_holder] -->            .product-grid {<!-- [et_pb_line_break_holder] -->                grid-template-columns: 1fr;<!-- [et_pb_line_break_holder] -->            }<!-- [et_pb_line_break_holder] -->        }<!-- [et_pb_line_break_holder] -->    <\/style>\n<p><!-- [et_pb_line_break_holder] --><\/head><!-- [et_pb_line_break_holder] --><body><!-- [et_pb_line_break_holder] --><!-- [et_pb_line_break_holder] -->    <\/p>\n<section class=\"product-grid-section\"><!-- [et_pb_line_break_holder] -->        <\/p>\n<div class=\"product-grid\"><!-- [et_pb_line_break_holder] -->            <!-- [et_pb_line_break_holder] -->            <\/p>\n<div class=\"tech-card\"><!-- [et_pb_line_break_holder] -->                <\/p>\n<div class=\"image-container\"><!-- [et_pb_line_break_holder] -->                    <img decoding=\"async\" src=\"https:\/\/diseno.lbw.mx\/wp-content\/uploads\/2025\/10\/Bloom400-1.jpg\" alt=\"Calefactor Bloom 400\"><!-- [et_pb_line_break_holder] -->                <\/div>\n<p><!-- [et_pb_line_break_holder] -->                <\/p>\n<div class=\"card-content\"><!-- [et_pb_line_break_holder] -->                    <\/p>\n<h4>Bloom 400\u00ae<\/h4>\n<p><!-- [et_pb_line_break_holder] -->                    <pee class=\"model-id\">Gas LP \/ Gas Natural<\/pee><!-- [et_pb_line_break_holder] -->                    <pee class=\"description\">Opci\u00f3n de solo ventilaci\u00f3n para verano y tren de gas galvanizado para evitar el \u00f3xido.<\/pee><!-- [et_pb_line_break_holder] -->                    <\/p>\n<div class=\"specs-grid\"><!-- [et_pb_line_break_holder] -->                        <\/p>\n<div class=\"spec-item\">220V<\/div>\n<p><!-- [et_pb_line_break_holder] -->                        <\/p>\n<div class=\"spec-item\">400,000 BTU\/h<\/div>\n<p><!-- [et_pb_line_break_holder] -->                        <\/p>\n<div class=\"spec-item\">8,495 m\u00b3\/h<\/div>\n<p><!-- [et_pb_line_break_holder] -->                        <\/p>\n<div class=\"spec-item\">Monof\u00e1sico<\/div>\n<p><!-- [et_pb_line_break_holder] -->                    <\/div>\n<p><!-- [et_pb_line_break_holder] -->                <\/div>\n<p><!-- [et_pb_line_break_holder] -->                <a href=\"https:\/\/diseno.lbw.mx\/wp-content\/uploads\/2025\/10\/FICHA_TECNICA_BLOOM_400_220V_3.pdf\" target=\"_blank\" class=\"view-button\"><!-- [et_pb_line_break_holder] -->                    <span>Ver<\/span><!-- [et_pb_line_break_holder] -->                    <span>\u2192<\/span><!-- [et_pb_line_break_holder] -->                <\/a><!-- [et_pb_line_break_holder] -->            <\/div>\n<p><!-- [et_pb_line_break_holder] --><!-- [et_pb_line_break_holder] -->            <\/p>\n<div class=\"tech-card\"><!-- [et_pb_line_break_holder] -->                <\/p>\n<div class=\"image-container\"><!-- [et_pb_line_break_holder] -->                    <img decoding=\"async\" src=\"https:\/\/diseno.lbw.mx\/wp-content\/uploads\/2025\/10\/Cp400-DF-1.jpg\" alt=\"Calefactor CP 400 Dual\"><!-- [et_pb_line_break_holder] -->                <\/div>\n<p><!-- [et_pb_line_break_holder] -->                <\/p>\n<div class=\"card-content\"><!-- [et_pb_line_break_holder] -->                    <\/p>\n<h4>CP 400 Dual\u00ae<\/h4>\n<p><!-- [et_pb_line_break_holder] -->                    <pee class=\"model-id\">Tradesman 400 Ultra DF<\/pee><!-- [et_pb_line_break_holder] -->                    <pee class=\"description\">El calefactor m\u00e1s compacto con capacidad de 400,000 BTU\/H en el mercado.<\/pee><!-- [et_pb_line_break_holder] -->                    <\/p>\n<div class=\"specs-grid\"><!-- [et_pb_line_break_holder] -->                        <\/p>\n<div class=\"spec-item\">115V<\/div>\n<p><!-- [et_pb_line_break_holder] -->                        <\/p>\n<div class=\"spec-item\">400,000 BTU\/h<\/div>\n<p><!-- [et_pb_line_break_holder] -->                        <\/p>\n<div class=\"spec-item\">2,686 m\u00b3\/h<\/div>\n<p><!-- [et_pb_line_break_holder] -->                        <\/p>\n<div class=\"spec-item\">LP \/ GN<\/div>\n<p><!-- [et_pb_line_break_holder] -->                    <\/div>\n<p><!-- [et_pb_line_break_holder] -->                <\/div>\n<p><!-- [et_pb_line_break_holder] -->                <a href=\"https:\/\/diseno.lbw.mx\/wp-content\/uploads\/2025\/10\/FICHA_TECNICA_CP400_DUAL_LBW.pdf\" target=\"_blank\" class=\"view-button\"><!-- [et_pb_line_break_holder] -->                    <span>Ver<\/span><!-- [et_pb_line_break_holder] -->                    <span>\u2192<\/span><!-- [et_pb_line_break_holder] -->                <\/a><!-- [et_pb_line_break_holder] -->            <\/div>\n<p><!-- [et_pb_line_break_holder] --><!-- [et_pb_line_break_holder] -->        <\/div>\n<p><!-- [et_pb_line_break_holder] -->    <\/section>\n<p><!-- [et_pb_line_break_holder] --><!-- [et_pb_line_break_holder] --><\/body><!-- [et_pb_line_break_holder] --><\/html>[\/et_pb_code][\/et_pb_column][\/et_pb_row][\/et_pb_section][et_pb_section fb_built=\u00bb1&#8243; _builder_version=\u00bb4.27.4&#8243; _module_preset=\u00bbdefault\u00bb background_color=\u00bbgcid-e277fb82-6096-4aaa-9a44-4518795e6403&#8243; custom_padding=\u00bb0px||0px|||\u00bb global_colors_info=\u00bb{%22gcid-e277fb82-6096-4aaa-9a44-4518795e6403%22:%91%22background_color%22%93}\u00bb][et_pb_row _builder_version=\u00bb4.27.4&#8243; _module_preset=\u00bbdefault\u00bb custom_padding=\u00bb0px||0px|||\u00bb global_colors_info=\u00bb{}\u00bb][et_pb_column type=\u00bb4_4&#8243; _builder_version=\u00bb4.27.4&#8243; _module_preset=\u00bbdefault\u00bb global_colors_info=\u00bb{}\u00bb][et_pb_code _builder_version=\u00bb4.27.4&#8243; _module_preset=\u00bbdefault\u00bb hover_enabled=\u00bb0&#8243; global_colors_info=\u00bb{}\u00bb sticky_enabled=\u00bb0&#8243;]<!DOCTYPE html><!-- [et_pb_line_break_holder] --><html lang=\"es\"><!-- [et_pb_line_break_holder] --><head><!-- [et_pb_line_break_holder] -->    <meta charset=\"UTF-8\"><!-- [et_pb_line_break_holder] -->    <meta name=\"viewport\" content=\"width=device-width, initial-scale=1.0\"><!-- [et_pb_line_break_holder] -->    <title>Secci\u00f3n CTA &#8211; Soluci\u00f3n Personalizada<\/title><!-- [et_pb_line_break_holder] -->    <link rel=\"preconnect\" href=\"https:\/\/fonts.googleapis.com\"><!-- [et_pb_line_break_holder] -->    <link rel=\"preconnect\" href=\"https:\/\/fonts.gstatic.com\" crossorigin><!-- [et_pb_line_break_holder] -->    <link href=\"https:\/\/fonts.googleapis.com\/css2?family=IBM+Plex+Sans:wght=500&#038;family=Roboto:wght@400&#038;display=swap\" rel=\"stylesheet\"><!-- [et_pb_line_break_holder] --><!-- [et_pb_line_break_holder] -->    <\/p>\n<style><!-- [et_pb_line_break_holder] -->        \/* --- ESTILOS CSS --- *\/<!-- [et_pb_line_break_holder] -->        .cta-banner-section-v2 {<!-- [et_pb_line_break_holder] -->            font-family: 'Roboto', sans-serif;<!-- [et_pb_line_break_holder] -->            background-color: #013a6f; \/* COLOR AZUL CORPORATIVO *\/<!-- [et_pb_line_break_holder] -->            padding: 40px 30px;<!-- [et_pb_line_break_holder] -->        }<!-- [et_pb_line_break_holder] --><!-- [et_pb_line_break_holder] -->        .cta-container-v2 {<!-- [et_pb_line_break_holder] -->            max-width: 1200px;<!-- [et_pb_line_break_holder] -->            margin: 0 auto;<!-- [et_pb_line_break_holder] -->            display: flex;<!-- [et_pb_line_break_holder] -->            justify-content: space-between;<!-- [et_pb_line_break_holder] -->            align-items: center;<!-- [et_pb_line_break_holder] -->            flex-wrap: wrap;<!-- [et_pb_line_break_holder] -->            gap: 20px;<!-- [et_pb_line_break_holder] -->        }<!-- [et_pb_line_break_holder] --><!-- [et_pb_line_break_holder] -->        .cta-text-v2 {<!-- [et_pb_line_break_holder] -->            font-family: 'IBM Plex Sans', sans-serif;<!-- [et_pb_line_break_holder] -->            font-size: 1.25rem;<!-- [et_pb_line_break_holder] -->            font-weight: 500;<!-- [et_pb_line_break_holder] -->            color: #ffffff;<!-- [et_pb_line_break_holder] -->            flex-basis: 60%; \/* Ocupa m\u00e1s espacio para que el texto no se rompa *\/<!-- [et_pb_line_break_holder] -->        }<!-- [et_pb_line_break_holder] --><!-- [et_pb_line_break_holder] -->        .cta-button-v2 {<!-- [et_pb_line_break_holder] -->            display: inline-block;<!-- [et_pb_line_break_holder] -->            background-color: #012a52; \/* AZUL M\u00c1S OSCURO PARA EL BOT\u00d3N *\/<!-- [et_pb_line_break_holder] -->            color: #ffffff;<!-- [et_pb_line_break_holder] -->            padding: 18px 35px;<!-- [et_pb_line_break_holder] -->            text-decoration: none;<!-- [et_pb_line_break_holder] -->            font-weight: 500;<!-- [et_pb_line_break_holder] -->            font-family: 'IBM Plex Sans', sans-serif;<!-- [et_pb_line_break_holder] -->            border-radius: 4px;<!-- [et_pb_line_break_holder] -->            transition: background-color 0.3s ease;<!-- [et_pb_line_break_holder] -->            white-space: nowrap;<!-- [et_pb_line_break_holder] -->        }<!-- [et_pb_line_break_holder] --><!-- [et_pb_line_break_holder] -->        .cta-button-v2:hover {<!-- [et_pb_line_break_holder] -->            background-color: #001f3d; \/* Un poco m\u00e1s oscuro al pasar el cursor *\/<!-- [et_pb_line_break_holder] -->        }<!-- [et_pb_line_break_holder] --><!-- [et_pb_line_break_holder] -->        \/* Media queries para responsividad *\/<!-- [et_pb_line_break_holder] -->        @media (max-width: 768px) {<!-- [et_pb_line_break_holder] -->            .cta-container-v2 {<!-- [et_pb_line_break_holder] -->                flex-direction: column;<!-- [et_pb_line_break_holder] -->                text-align: center;<!-- [et_pb_line_break_holder] -->            }<!-- [et_pb_line_break_holder] -->            .cta-text-v2 {<!-- [et_pb_line_break_holder] -->                margin-bottom: 20px;<!-- [et_pb_line_break_holder] -->                flex-basis: 100%;<!-- [et_pb_line_break_holder] -->            }<!-- [et_pb_line_break_holder] -->        }<!-- [et_pb_line_break_holder] -->    <\/style>\n<p><!-- [et_pb_line_break_holder] --><\/head><!-- [et_pb_line_break_holder] --><body><!-- [et_pb_line_break_holder] --><!-- [et_pb_line_break_holder] -->    <\/p>\n<section class=\"cta-banner-section-v2\"><!-- [et_pb_line_break_holder] -->        <\/p>\n<div class=\"cta-container-v2\"><!-- [et_pb_line_break_holder] -->            <pee class=\"cta-text-v2\">\u00bfBusca una soluci\u00f3n personalizada? Nuestro equipo de expertos est\u00e1 listo para desarrollar un proyecto a su medida.<\/pee><!-- [et_pb_line_break_holder] -->            <a href=\"https:\/\/wa.link\/egus70\" class=\"cta-button-v2\">Env\u00edenos su solicitud \u2192<\/a><!-- [et_pb_line_break_holder] -->        <\/div>\n<p><!-- [et_pb_line_break_holder] -->    <\/section>\n<p><!-- [et_pb_line_break_holder] --><!-- [et_pb_line_break_holder] --><\/body><!-- [et_pb_line_break_holder] --><\/html>[\/et_pb_code][\/et_pb_column][\/et_pb_row][\/et_pb_section][et_pb_section fb_built=\u00bb1&#8243; _builder_version=\u00bb4.27.4&#8243; _module_preset=\u00bbdefault\u00bb custom_padding=\u00bb0px||0px|||\u00bb global_colors_info=\u00bb{}\u00bb][et_pb_row _builder_version=\u00bb4.27.4&#8243; _module_preset=\u00bbdefault\u00bb global_colors_info=\u00bb{}\u00bb][et_pb_column type=\u00bb4_4&#8243; _builder_version=\u00bb4.27.4&#8243; _module_preset=\u00bbdefault\u00bb global_colors_info=\u00bb{}\u00bb][\/et_pb_column][\/et_pb_row][\/et_pb_section]<\/p>\n","protected":false},"excerpt":{"rendered":"","protected":false},"author":1,"featured_media":0,"parent":0,"menu_order":0,"comment_status":"closed","ping_status":"closed","template":"","meta":{"_et_pb_use_builder":"on","_et_pb_old_content":"","_et_gb_content_width":"","_joinchat":[],"footnotes":""},"dipi_cpt_category":[],"class_list":["post-231","page","type-page","status-publish","hentry"],"_links":{"self":[{"href":"https:\/\/diseno.lbw.mx\/index.php?rest_route=\/wp\/v2\/pages\/231","targetHints":{"allow":["GET"]}}],"collection":[{"href":"https:\/\/diseno.lbw.mx\/index.php?rest_route=\/wp\/v2\/pages"}],"about":[{"href":"https:\/\/diseno.lbw.mx\/index.php?rest_route=\/wp\/v2\/types\/page"}],"author":[{"embeddable":true,"href":"https:\/\/diseno.lbw.mx\/index.php?rest_route=\/wp\/v2\/users\/1"}],"replies":[{"embeddable":true,"href":"https:\/\/diseno.lbw.mx\/index.php?rest_route=%2Fwp%2Fv2%2Fcomments&post=231"}],"version-history":[{"count":6,"href":"https:\/\/diseno.lbw.mx\/index.php?rest_route=\/wp\/v2\/pages\/231\/revisions"}],"predecessor-version":[{"id":347,"href":"https:\/\/diseno.lbw.mx\/index.php?rest_route=\/wp\/v2\/pages\/231\/revisions\/347"}],"wp:attachment":[{"href":"https:\/\/diseno.lbw.mx\/index.php?rest_route=%2Fwp%2Fv2%2Fmedia&parent=231"}],"wp:term":[{"taxonomy":"dipi_cpt_category","embeddable":true,"href":"https:\/\/diseno.lbw.mx\/index.php?rest_route=%2Fwp%2Fv2%2Fdipi_cpt_category&post=231"}],"curies":[{"name":"wp","href":"https:\/\/api.w.org\/{rel}","templated":true}]}}